
{"id":30,"date":"2022-12-10T02:09:01","date_gmt":"2022-12-10T02:09:01","guid":{"rendered":"https:\/\/ennor.org.br\/v2\/index.php\/cart\/"},"modified":"2025-01-22T19:34:06","modified_gmt":"2025-01-22T19:34:06","slug":"cart","status":"publish","type":"page","link":"https:\/\/ennor.org.br\/v2\/cart\/","title":{"rendered":"Carrinho"},"content":{"rendered":"\t\t<div data-elementor-type=\"wp-page\" data-elementor-id=\"30\" class=\"elementor elementor-30\" data-elementor-post-type=\"page\">\n\t\t\t\t<div class=\"elementor-element elementor-element-40caff6 e-flex e-con-boxed e-con e-parent\" data-id=\"40caff6\" data-element_type=\"container\" data-e-type=\"container\">\n\t\t\t\t\t<div class=\"e-con-inner\">\n\t\t<div class=\"elementor-element elementor-element-0789d68 e-con-full e-flex e-con e-child\" data-id=\"0789d68\" data-element_type=\"container\" data-e-type=\"container\" data-settings=\"{&quot;background_background&quot;:&quot;gradient&quot;}\">\n\t\t\t\t<div class=\"elementor-element elementor-element-f8eaf77 elementor-widget elementor-widget-heading\" data-id=\"f8eaf77\" data-element_type=\"widget\" data-e-type=\"widget\" data-widget_type=\"heading.default\">\n\t\t\t\t<div class=\"elementor-widget-container\">\n\t\t\t\t\t<h1 class=\"elementor-heading-title elementor-size-default\">CARRINHO<\/h1>\t\t\t\t<\/div>\n\t\t\t\t<\/div>\n\t\t\t\t<div class=\"elementor-element elementor-element-294657a elementor-widget elementor-widget-heading\" data-id=\"294657a\" data-element_type=\"widget\" data-e-type=\"widget\" data-widget_type=\"heading.default\">\n\t\t\t\t<div class=\"elementor-widget-container\">\n\t\t\t\t\t<span class=\"elementor-heading-title elementor-size-default\">A UM PASSO DO IMPULSO QUE VOC\u00ca PRECISA<\/span>\t\t\t\t<\/div>\n\t\t\t\t<\/div>\n\t\t\t\t<\/div>\n\t\t\t\t\t<\/div>\n\t\t\t\t<\/div>\n\t\t<div class=\"elementor-element elementor-element-2f069f06 e-flex e-con-boxed e-con e-parent\" data-id=\"2f069f06\" data-element_type=\"container\" data-e-type=\"container\">\n\t\t\t\t\t<div class=\"e-con-inner\">\n\t\t\t\t\t<\/div>\n\t\t\t\t<\/div>\n\t\t\t\t<\/div>\n\t\t","protected":false},"excerpt":{"rendered":"<p>Remover item Imagem de miniatura Produto Pre\u00e7o Quantidade Subtotal &times; Direito Empresarial &#82;&#36;&nbsp;25,00 Direito Empresarial quantidade &#82;&#36;&nbsp;25,00 Atualizar o carrinho Aplicar cupom Total no carrinho Subtotal &#82;&#36;&nbsp;25,00 Entrega Frete gr\u00e1tis Entrega para QNM 38 Conjunto K, Casa 10, Taguatinga, Distrito Federal, 71010-082. Mudar endere\u00e7o Pa\u00eds \/ regi\u00e3o: Selecione um pa\u00eds&hellip;Afeganist\u00e3o\u00c1frica do SulAlb\u00e2niaAlemanhaAndorraAngolaAnguillaAnt\u00e1rticaAnt\u00edgua e BarbudaAr\u00e1bia SauditaArg\u00e9liaArgentinaArm\u00eaniaArubaAustr\u00e1lia\u00c1ustriaAzerbaij\u00e3oBahamasBangladeshBarbadosBar\u00e9mBelauB\u00e9lgicaBelizeBenimBermudasBielorr\u00fassiaBol\u00edviaB\u00f3snia [&hellip;]<\/p>\n","protected":false},"author":1,"featured_media":0,"parent":0,"menu_order":0,"comment_status":"closed","ping_status":"closed","template":"elementor_header_footer","meta":{"_acf_changed":false,"footnotes":""},"class_list":["post-30","page","type-page","status-publish","hentry"],"blocksy_meta":{"styles_descriptor":{"styles":{"desktop":"","tablet":"","mobile":""},"google_fonts":[],"version":6}},"acf":[],"aioseo_notices":[],"_links":{"self":[{"href":"https:\/\/ennor.org.br\/v2\/wp-json\/wp\/v2\/pages\/30","targetHints":{"allow":["GET"]}}],"collection":[{"href":"https:\/\/ennor.org.br\/v2\/wp-json\/wp\/v2\/pages"}],"about":[{"href":"https:\/\/ennor.org.br\/v2\/wp-json\/wp\/v2\/types\/page"}],"author":[{"embeddable":true,"href":"https:\/\/ennor.org.br\/v2\/wp-json\/wp\/v2\/users\/1"}],"replies":[{"embeddable":true,"href":"https:\/\/ennor.org.br\/v2\/wp-json\/wp\/v2\/comments?post=30"}],"version-history":[{"count":4,"href":"https:\/\/ennor.org.br\/v2\/wp-json\/wp\/v2\/pages\/30\/revisions"}],"predecessor-version":[{"id":19797,"href":"https:\/\/ennor.org.br\/v2\/wp-json\/wp\/v2\/pages\/30\/revisions\/19797"}],"wp:attachment":[{"href":"https:\/\/ennor.org.br\/v2\/wp-json\/wp\/v2\/media?parent=30"}],"curies":[{"name":"wp","href":"https:\/\/api.w.org\/{rel}","templated":true}]}}