
{"id":18696,"date":"2024-10-03T16:38:19","date_gmt":"2024-10-03T16:38:19","guid":{"rendered":"https:\/\/ennor.org.br\/v2\/?post_type=product&#038;p=18696"},"modified":"2025-03-27T17:22:00","modified_gmt":"2025-03-27T17:22:00","slug":"great-place-to-work-gptw","status":"publish","type":"product","link":"https:\/\/ennor.org.br\/v2\/produto\/great-place-to-work-gptw\/","title":{"rendered":"Great Place to Work (GPTW)"},"content":{"rendered":"<p>O clima organizacional \u00e9 essencial para estabelecer um ambiente de trabalho com qualidade, boa rela\u00e7\u00e3o entre os funcion\u00e1rios e impacto positivo na vida de todas as pessoas na sociedade.<\/p>\n<p>Neste curso, voc\u00ea aprender\u00e1 mais sobre o Great Place To Work, uma consultoria internacional especializada em clima organizacional. Entenda como o GPTW surgiu, qual \u00e9 a sua miss\u00e3o e como voc\u00ea pode transformar o seu Cart\u00f3rio em um Excelente Lugar Para Trabalhar.<\/p>\n<p>Se voc\u00ea est\u00e1 em d\u00favidas sobre a import\u00e2ncia de investir no fortalecimento do clima organizacional do seu Cart\u00f3rio, o curso mostrar\u00e1 como se tornar um Excelente Lugar Para Trabalhar qualifica o ambiente de trabalho e gera impactos positivos para toda a estrutura, na vida dos funcion\u00e1rios e das pessoas atendidas.<\/p>\n<p>D\u00ea in\u00edcio a transforma\u00e7\u00e3o do seu Cart\u00f3rio com o nosso curso \u201cGPTW\u201d.<\/p>\n<p><strong>Modalidade:<\/strong>\u00a0Aulas online e gravadas em EAD, com mentorias s\u00edncronas<\/p>\n<p><strong>Hor\u00e1rio:\u00a0<\/strong>Livre e ilimitado (titular habilita seus colaboradores atrav\u00e9s do CNS do cart\u00f3rio)<\/p>\n<p><strong>Investimento:<\/strong>\u00a0Gratuito<\/p>\n<p><strong>P\u00fablico Alvo:\u00a0<\/strong>Titulares e Colaboradores de Cart\u00f3rios<\/p>\n<p><strong>Carga hor\u00e1ria:<\/strong>\u00a01h\/a<\/p>\n<p><strong>Organiza\u00e7\u00e3o<\/strong>:\u00a0Escola Nacional de Not\u00e1rios e Registradores \u2013 ENNOR\u00a0 em parceria com o Great Place to Work Brasil<\/p>\n","protected":false},"excerpt":{"rendered":"<p>Neste curso, voc\u00ea aprender\u00e1 mais sobre o Great Place To Work, uma consultoria internacional especializada em clima organizacional. Entenda como o GPTW surgiu, qual \u00e9 a sua miss\u00e3o e como voc\u00ea pode transformar o seu Cart\u00f3rio em um Excelente Lugar Para Trabalhar.<\/p>\n","protected":false},"featured_media":25085,"comment_status":"closed","ping_status":"closed","template":"","meta":{"_acf_changed":false},"product_brand":[],"product_cat":[16],"product_tag":[],"class_list":{"0":"post-18696","1":"product","2":"type-product","3":"status-publish","4":"has-post-thumbnail","6":"product_cat-uncategorized","7":"post","9":"first","10":"instock","11":"virtual","12":"sold-individually","13":"taxable","14":"purchasable","15":"product-type-simple"},"acf":[],"aioseo_notices":[],"_links":{"self":[{"href":"https:\/\/ennor.org.br\/v2\/wp-json\/wp\/v2\/product\/18696","targetHints":{"allow":["GET"]}}],"collection":[{"href":"https:\/\/ennor.org.br\/v2\/wp-json\/wp\/v2\/product"}],"about":[{"href":"https:\/\/ennor.org.br\/v2\/wp-json\/wp\/v2\/types\/product"}],"replies":[{"embeddable":true,"href":"https:\/\/ennor.org.br\/v2\/wp-json\/wp\/v2\/comments?post=18696"}],"wp:featuredmedia":[{"embeddable":true,"href":"https:\/\/ennor.org.br\/v2\/wp-json\/wp\/v2\/media\/25085"}],"wp:attachment":[{"href":"https:\/\/ennor.org.br\/v2\/wp-json\/wp\/v2\/media?parent=18696"}],"wp:term":[{"taxonomy":"product_brand","embeddable":true,"href":"https:\/\/ennor.org.br\/v2\/wp-json\/wp\/v2\/product_brand?post=18696"},{"taxonomy":"product_cat","embeddable":true,"href":"https:\/\/ennor.org.br\/v2\/wp-json\/wp\/v2\/product_cat?post=18696"},{"taxonomy":"product_tag","embeddable":true,"href":"https:\/\/ennor.org.br\/v2\/wp-json\/wp\/v2\/product_tag?post=18696"}],"curies":[{"name":"wp","href":"https:\/\/api.w.org\/{rel}","templated":true}]}}