
{"id":19442,"date":"2025-01-10T15:19:17","date_gmt":"2025-01-10T15:19:17","guid":{"rendered":"https:\/\/ennor.org.br\/v2\/?post_type=product&#038;p=19442"},"modified":"2025-03-27T17:22:48","modified_gmt":"2025-03-27T17:22:48","slug":"pratico-em-direito-notarial-e-de-registro-para-os-novos-concursados-do-extrajudicial-de-alagoas","status":"publish","type":"product","link":"https:\/\/ennor.org.br\/v2\/produto\/pratico-em-direito-notarial-e-de-registro-para-os-novos-concursados-do-extrajudicial-de-alagoas\/","title":{"rendered":"Pr\u00e1tico em direito notarial e de registro para os novos concursados do extrajudicial de alagoas"},"content":{"rendered":"<p><strong>MODALIDADE:\u00a0<\/strong>As aulas ser\u00e3o realizadas por meio de videoconfer\u00eancia de segunda \u00e0s sextas-feiras, com exposi\u00e7\u00e3o dos renomados professores para quest\u00f5es pr\u00e1ticas do dia-a-dia do servi\u00e7o. Ficar\u00e3o dispon\u00edveis na \u00e1rea do aluno, juntamente com material did\u00e1tico.<\/p>\n<p><strong>METODOLOGIA:\u00a0<\/strong>Os cursos \u00e0 dist\u00e2ncia t\u00eam como metodologia a busca pelo aprendizado por meio da intera\u00e7\u00e3o entre professores e alunos. Nesse a sentido a metodologia ativa tende a ser a ideal. A\u00a0comunica\u00e7\u00e3o\u00a0n\u00e3o fica centrada no professor; os alunos t\u00eam espa\u00e7o para interagir, participar e protagonizar a constru\u00e7\u00e3o\u00a0do seu\u00a0pr\u00f3prio\u00a0conhecimento.<\/p>\n<p>Nesse Contexto, as aulas ser\u00e3o ao vivo por meio de videoconfer\u00eancia, as perguntas s\u00e3o feitas por meio do ambiente virtual e respondidas pelo professor. O acesso \u00e0s aulas \u00e9 liberado conforme o curso avan\u00e7a. Uma vez liberado o acesso, o conte\u00fado do curso pode ser acessado diversas vezes durante o tempo definido para cada caso espec\u00edfico. \u00c9 poss\u00edvel assistir \u00e0s aulas no hor\u00e1rio de melhor conveni\u00eancia. Mesmo as aulas transmitidas ao vivo permanecem armazenadas para que todos tenham disponibilidade de assisti-las quando melhor lhes convier.<\/p>\n<p><strong>P\u00daBLICO\u00a0ALVO:\u00a0<\/strong>Not\u00e1rios, Registradores, Substitutos e Escreventes do Estado de Alagoas.<\/p>\n<p><strong>HOR\u00c1RIO\u00a0DAS\u00a0AULAS<\/strong>: 18h \u00e0s 21h (todas os dias, por aproximadamente 1 m\u00eas).<\/p>\n<p><strong>CARGA\u00a0HOR\u00c1RIA:\u00a0<\/strong>54\u00a0h\/a \u2013\u00a0Per\u00edodo:6\u00a0meses<\/p>\n<p><strong>INVESTIMENTO:\u00a0<\/strong>O valor integral da mensalidade custa R$ 600,00 (seiscentos reais), valor acordado para a ANOREG-AL.<\/p>\n<p><strong>CERTIFICA\u00c7\u00c3O:\u00a0<\/strong>Os certificados ser\u00e3o emitidos pela ENNOR, ao final do curso, desde que o aluno preencha todos os requisitos e preencha documenta\u00e7\u00e3o\u00a0exigida\u00a0pela\u00a0ENNOR.<\/p>\n<p><strong>Secretaria da ENNOR:<\/strong><\/p>\n<p>DIRETORA: Fernanda A. Abud Castro<\/p>\n<p>ASSESSORA PEDAG\u00d3GICA\u00a0:\u00a0Cleide\u00a0Medeiros<\/p>\n<p>ANALISTA\u00a0PEDAG\u00d3GICA:\u00a0Ari\u00e1dina\u00a0de Souza<\/p>\n<p>Observa\u00e7\u00e3o: O acesso \u00e0 plataforma ser\u00e1 disponibilizado ap\u00f3s confirma\u00e7\u00e3o do pagamento. O Link de acesso estar\u00e1 dispon\u00edvel na plataforma da ENNOR.<\/p>\n<p>REALIZA\u00c7\u00c3O:\u00a0Escola\u00a0Nacional\u00a0de\u00a0Not\u00e1rios\u00a0e\u00a0Registradores\u2013ENNOR<\/p>\n<p>CONTATOS: (61) 3036-1555 (R.206) \u2013<a href=\"mailto:ennor@ennor.org.br\">\u00a0<\/a><a href=\"mailto:contato@ennor.org.br\">contato@ennor.org.br<\/a><\/p>\n","protected":false},"excerpt":{"rendered":"<p>O curso tem como objetivo apresentar aos alunos, por meio de di\u00e1logos e debates acad\u00eamicos, no\u00e7\u00e3o essencial sobre o in\u00edcio da Atividade Notarial e de Registro, dando destaque para lidar de forma profissional com todos aspectos que digam respeito ao cart\u00f3rio.<\/p>\n","protected":false},"featured_media":25087,"comment_status":"open","ping_status":"closed","template":"","meta":{"_acf_changed":false},"product_brand":[],"product_cat":[16],"product_tag":[],"class_list":{"0":"post-19442","1":"product","2":"type-product","3":"status-publish","4":"has-post-thumbnail","6":"product_cat-uncategorized","7":"post","9":"first","10":"instock","11":"virtual","12":"sold-individually","13":"taxable","14":"purchasable","15":"product-type-simple"},"acf":[],"aioseo_notices":[],"_links":{"self":[{"href":"https:\/\/ennor.org.br\/v2\/wp-json\/wp\/v2\/product\/19442","targetHints":{"allow":["GET"]}}],"collection":[{"href":"https:\/\/ennor.org.br\/v2\/wp-json\/wp\/v2\/product"}],"about":[{"href":"https:\/\/ennor.org.br\/v2\/wp-json\/wp\/v2\/types\/product"}],"replies":[{"embeddable":true,"href":"https:\/\/ennor.org.br\/v2\/wp-json\/wp\/v2\/comments?post=19442"}],"wp:featuredmedia":[{"embeddable":true,"href":"https:\/\/ennor.org.br\/v2\/wp-json\/wp\/v2\/media\/25087"}],"wp:attachment":[{"href":"https:\/\/ennor.org.br\/v2\/wp-json\/wp\/v2\/media?parent=19442"}],"wp:term":[{"taxonomy":"product_brand","embeddable":true,"href":"https:\/\/ennor.org.br\/v2\/wp-json\/wp\/v2\/product_brand?post=19442"},{"taxonomy":"product_cat","embeddable":true,"href":"https:\/\/ennor.org.br\/v2\/wp-json\/wp\/v2\/product_cat?post=19442"},{"taxonomy":"product_tag","embeddable":true,"href":"https:\/\/ennor.org.br\/v2\/wp-json\/wp\/v2\/product_tag?post=19442"}],"curies":[{"name":"wp","href":"https:\/\/api.w.org\/{rel}","templated":true}]}}